{"id":988584,"date":"2026-03-18T11:52:26","date_gmt":"2026-03-18T11:52:26","guid":{"rendered":"https:\/\/kalibra.sk\/?page_id=988584"},"modified":"2026-03-19T08:50:58","modified_gmt":"2026-03-19T08:50:58","slug":"imprint","status":"publish","type":"page","link":"https:\/\/kalibra.sk\/en\/imprint\/","title":{"rendered":"Imprint"},"content":{"rendered":"\t\t<div data-elementor-type=\"wp-page\" data-elementor-id=\"988584\" class=\"elementor elementor-988584\" data-elementor-post-type=\"page\">\n\t\t\t\t<div class=\"elementor-element elementor-element-e2635e6 e-flex e-con-boxed e-con e-parent\" data-id=\"e2635e6\" data-element_type=\"container\" data-e-type=\"container\">\n\t\t\t\t\t<div class=\"e-con-inner\">\n\t\t\t\t<div class=\"elementor-element elementor-element-c8350f9 elementor-widget elementor-widget-heading\" data-id=\"c8350f9\" data-element_type=\"widget\" data-e-type=\"widget\" data-widget_type=\"heading.default\">\n\t\t\t\t<div class=\"elementor-widget-container\">\n\t\t\t\t\t<h2 class=\"elementor-heading-title elementor-size-default\">Legal Form:\n<\/h2>\t\t\t\t<\/div>\n\t\t\t\t<\/div>\n\t\t\t\t<div class=\"vamtam-has-theme-widget-styles elementor-element elementor-element-bfba8ad animated-fast elementor-invisible elementor-widget elementor-widget-text-editor\" data-id=\"bfba8ad\" data-element_type=\"widget\" data-e-type=\"widget\" data-settings=\"{&quot;_animation&quot;:&quot;fadeIn&quot;}\" data-widget_type=\"text-editor.default\">\n\t\t\t\t<div class=\"elementor-widget-container\">\n\t\t\t\t\t\t\t\t\t<section><p>KALIBRA s.r.o.<\/p><\/section><section id=\"imprint\">Limited liability company (s.r.o.) under Slovak law<\/section>\t\t\t\t\t\t\t\t<\/div>\n\t\t\t\t<\/div>\n\t\t\t\t<div class=\"elementor-element elementor-element-d10b294 elementor-widget elementor-widget-heading\" data-id=\"d10b294\" data-element_type=\"widget\" data-e-type=\"widget\" data-widget_type=\"heading.default\">\n\t\t\t\t<div class=\"elementor-widget-container\">\n\t\t\t\t\t<h2 class=\"elementor-heading-title elementor-size-default\">Registered Address:\n<\/h2>\t\t\t\t<\/div>\n\t\t\t\t<\/div>\n\t\t\t\t<div class=\"vamtam-has-theme-widget-styles elementor-element elementor-element-cb7c498 animated-fast elementor-invisible elementor-widget elementor-widget-text-editor\" data-id=\"cb7c498\" data-element_type=\"widget\" data-e-type=\"widget\" data-settings=\"{&quot;_animation&quot;:&quot;fadeIn&quot;}\" data-widget_type=\"text-editor.default\">\n\t\t\t\t<div class=\"elementor-widget-container\">\n\t\t\t\t\t\t\t\t\t<p>Bottova 1272<br \/>962 12 Detva<br \/>Slovak Republic<\/p>\t\t\t\t\t\t\t\t<\/div>\n\t\t\t\t<\/div>\n\t\t\t\t<div class=\"elementor-element elementor-element-10dec80 elementor-widget elementor-widget-heading\" data-id=\"10dec80\" data-element_type=\"widget\" data-e-type=\"widget\" data-widget_type=\"heading.default\">\n\t\t\t\t<div class=\"elementor-widget-container\">\n\t\t\t\t\t<h2 class=\"elementor-heading-title elementor-size-default\">Operation Address:\n<\/h2>\t\t\t\t<\/div>\n\t\t\t\t<\/div>\n\t\t\t\t<div class=\"vamtam-has-theme-widget-styles elementor-element elementor-element-2825619 animated-fast elementor-invisible elementor-widget elementor-widget-text-editor\" data-id=\"2825619\" data-element_type=\"widget\" data-e-type=\"widget\" data-settings=\"{&quot;_animation&quot;:&quot;fadeIn&quot;}\" data-widget_type=\"text-editor.default\">\n\t\t\t\t<div class=\"elementor-widget-container\">\n\t\t\t\t\t\t\t\t\t<p>\u0160t\u00farova 836\/58<br \/>962 12 Detva<br \/>Slovak Republic<\/p>\t\t\t\t\t\t\t\t<\/div>\n\t\t\t\t<\/div>\n\t\t\t\t<div class=\"elementor-element elementor-element-89ab291 elementor-widget elementor-widget-heading\" data-id=\"89ab291\" data-element_type=\"widget\" data-e-type=\"widget\" data-widget_type=\"heading.default\">\n\t\t\t\t<div class=\"elementor-widget-container\">\n\t\t\t\t\t<h2 class=\"elementor-heading-title elementor-size-default\">Contact Information:\n<\/h2>\t\t\t\t<\/div>\n\t\t\t\t<\/div>\n\t\t\t\t<div class=\"vamtam-has-theme-widget-styles elementor-element elementor-element-30eacf6 animated-fast elementor-invisible elementor-widget elementor-widget-text-editor\" data-id=\"30eacf6\" data-element_type=\"widget\" data-e-type=\"widget\" data-settings=\"{&quot;_animation&quot;:&quot;fadeIn&quot;}\" data-widget_type=\"text-editor.default\">\n\t\t\t\t<div class=\"elementor-widget-container\">\n\t\t\t\t\t\t\t\t\t<ul><li>+421 907 835 013<\/li><li>kalibra@kalibra.sk<\/li><\/ul>\t\t\t\t\t\t\t\t<\/div>\n\t\t\t\t<\/div>\n\t\t\t\t<div class=\"elementor-element elementor-element-1b27551 elementor-widget elementor-widget-heading\" data-id=\"1b27551\" data-element_type=\"widget\" data-e-type=\"widget\" data-widget_type=\"heading.default\">\n\t\t\t\t<div class=\"elementor-widget-container\">\n\t\t\t\t\t<h2 class=\"elementor-heading-title elementor-size-default\">Company Registration Details:\n<\/h2>\t\t\t\t<\/div>\n\t\t\t\t<\/div>\n\t\t\t\t<div class=\"vamtam-has-theme-widget-styles elementor-element elementor-element-1fba591 animated-fast elementor-invisible elementor-widget elementor-widget-text-editor\" data-id=\"1fba591\" data-element_type=\"widget\" data-e-type=\"widget\" data-settings=\"{&quot;_animation&quot;:&quot;fadeIn&quot;}\" data-widget_type=\"text-editor.default\">\n\t\t\t\t<div class=\"elementor-widget-container\">\n\t\t\t\t\t\t\t\t\t<p>Company ID (I\u010cO): 366 18 462<br \/>VAT ID (I\u010c DPH): SK2020072780<\/p><p>Registration court: Okresn\u00fd s\u00fad Bansk\u00e1 Bystrica (Bansk\u00e1 Bystrica District Court)<\/p>\t\t\t\t\t\t\t\t<\/div>\n\t\t\t\t<\/div>\n\t\t\t\t<div class=\"elementor-element elementor-element-25b782e elementor-widget elementor-widget-heading\" data-id=\"25b782e\" data-element_type=\"widget\" data-e-type=\"widget\" data-widget_type=\"heading.default\">\n\t\t\t\t<div class=\"elementor-widget-container\">\n\t\t\t\t\t<h2 class=\"elementor-heading-title elementor-size-default\">Bank Details:\n<\/h2>\t\t\t\t<\/div>\n\t\t\t\t<\/div>\n\t\t\t\t<div class=\"vamtam-has-theme-widget-styles elementor-element elementor-element-63649f0 animated-fast elementor-invisible elementor-widget elementor-widget-text-editor\" data-id=\"63649f0\" data-element_type=\"widget\" data-e-type=\"widget\" data-settings=\"{&quot;_animation&quot;:&quot;fadeIn&quot;}\" data-widget_type=\"text-editor.default\">\n\t\t\t\t<div class=\"elementor-widget-container\">\n\t\t\t\t\t\t\t\t\t<p>Slovensk\u00e1 sporite\u013e\u0148a, a.s. <br \/>SK62 0900 0000 0051 9478 2671<br \/>GIBASKBX<\/p>\t\t\t\t\t\t\t\t<\/div>\n\t\t\t\t<\/div>\n\t\t\t\t<div class=\"elementor-element elementor-element-a332580 elementor-widget elementor-widget-heading\" data-id=\"a332580\" data-element_type=\"widget\" data-e-type=\"widget\" data-widget_type=\"heading.default\">\n\t\t\t\t<div class=\"elementor-widget-container\">\n\t\t\t\t\t<h2 class=\"elementor-heading-title elementor-size-default\">Managing Director:<\/h2>\t\t\t\t<\/div>\n\t\t\t\t<\/div>\n\t\t\t\t<div class=\"vamtam-has-theme-widget-styles elementor-element elementor-element-91f6489 animated-fast elementor-invisible elementor-widget elementor-widget-text-editor\" data-id=\"91f6489\" data-element_type=\"widget\" data-e-type=\"widget\" data-settings=\"{&quot;_animation&quot;:&quot;fadeIn&quot;}\" data-widget_type=\"text-editor.default\">\n\t\t\t\t<div class=\"elementor-widget-container\">\n\t\t\t\t\t\t\t\t\t<p>Du\u0161an Cerovsk\u00fd<br \/>Mag. Marcello Nicoloso<\/p>\t\t\t\t\t\t\t\t<\/div>\n\t\t\t\t<\/div>\n\t\t\t\t<div class=\"elementor-element elementor-element-ba360c7 elementor-widget elementor-widget-heading\" data-id=\"ba360c7\" data-element_type=\"widget\" data-e-type=\"widget\" data-widget_type=\"heading.default\">\n\t\t\t\t<div class=\"elementor-widget-container\">\n\t\t\t\t\t<h2 class=\"elementor-heading-title elementor-size-default\">Accreditations &amp; Licenses:<\/h2>\t\t\t\t<\/div>\n\t\t\t\t<\/div>\n\t\t\t\t<div class=\"vamtam-has-theme-widget-styles elementor-element elementor-element-c2e37ab animated-fast elementor-invisible elementor-widget elementor-widget-text-editor\" data-id=\"c2e37ab\" data-element_type=\"widget\" data-e-type=\"widget\" data-settings=\"{&quot;_animation&quot;:&quot;fadeIn&quot;}\" data-widget_type=\"text-editor.default\">\n\t\t\t\t<div class=\"elementor-widget-container\">\n\t\t\t\t\t\t\t\t\t<ul><li>Accredited Calibration and Testing Laboratory by SNAS (Slovak National Accreditation Service)<\/li><li>Accredited according to ISO\/IEC 17025:2017<\/li><\/ul><p class=\"p1\"><b>Accredited scope (high level):<\/b><b><\/b><\/p><ul><li>Calibration and testing of <strong>length<\/strong> and <strong>plane angle<\/strong> measuring instruments<\/li><li>Measurements on <strong>coordinate measuring machines (CMM)<\/strong> within the accredited scope<\/li><\/ul><p class=\"p1\"><strong>International recognition:<\/strong><b><\/b><\/p><ul><li>Results recognised through <strong>ILAC MRA <\/strong>(Mutual Recognition Arrangement), enabling acceptance across EU countries.<\/li><\/ul>\t\t\t\t\t\t\t\t<\/div>\n\t\t\t\t<\/div>\n\t\t\t\t<div class=\"elementor-element elementor-element-7d3e032 elementor-widget elementor-widget-heading\" data-id=\"7d3e032\" data-element_type=\"widget\" data-e-type=\"widget\" data-widget_type=\"heading.default\">\n\t\t\t\t<div class=\"elementor-widget-container\">\n\t\t\t\t\t<h2 class=\"elementor-heading-title elementor-size-default\">Supervisory Authorities:<\/h2>\t\t\t\t<\/div>\n\t\t\t\t<\/div>\n\t\t\t\t<div class=\"vamtam-has-theme-widget-styles elementor-element elementor-element-57d52ec animated-fast elementor-invisible elementor-widget elementor-widget-text-editor\" data-id=\"57d52ec\" data-element_type=\"widget\" data-e-type=\"widget\" data-settings=\"{&quot;_animation&quot;:&quot;fadeIn&quot;}\" data-widget_type=\"text-editor.default\">\n\t\t\t\t<div class=\"elementor-widget-container\">\n\t\t\t\t\t\t\t\t\t<ul><li>Slovak National Accreditation Service (SNAS)<\/li><\/ul>\t\t\t\t\t\t\t\t<\/div>\n\t\t\t\t<\/div>\n\t\t\t\t<div class=\"elementor-element elementor-element-d33a29e elementor-widget elementor-widget-heading\" data-id=\"d33a29e\" data-element_type=\"widget\" data-e-type=\"widget\" data-widget_type=\"heading.default\">\n\t\t\t\t<div class=\"elementor-widget-container\">\n\t\t\t\t\t<h2 class=\"elementor-heading-title elementor-size-default\">Legal Disclaimer:\n<\/h2>\t\t\t\t<\/div>\n\t\t\t\t<\/div>\n\t\t\t\t<div class=\"vamtam-has-theme-widget-styles elementor-element elementor-element-c93154d animated-fast elementor-invisible elementor-widget elementor-widget-text-editor\" data-id=\"c93154d\" data-element_type=\"widget\" data-e-type=\"widget\" data-settings=\"{&quot;_animation&quot;:&quot;fadeIn&quot;}\" data-widget_type=\"text-editor.default\">\n\t\t\t\t<div class=\"elementor-widget-container\">\n\t\t\t\t\t\t\t\t\t<p>KALIBRA s.r.o. continuously updates the information on this website. Despite careful verification, we cannot guarantee the accuracy, completeness, or timeliness of all content. All rights reserved. Any use, reproduction, or distribution of website content requires prior written permission from KALIBRA s.r.o.<\/p>\t\t\t\t\t\t\t\t<\/div>\n\t\t\t\t<\/div>\n\t\t\t\t\t<\/div>\n\t\t\t\t<\/div>\n\t\t\t\t<\/div>\n\t\t","protected":false},"excerpt":{"rendered":"<p>Legal Form: KALIBRA s.r.o. Limited liability company (s.r.o.) under Slovak law Registered Address: Bottova 1272962 12 DetvaSlovak Republic Operation Address: \u0160t\u00farova 836\/58962 12 DetvaSlovak Republic Contact Information: +421 907 835 013 kalibra@kalibra.sk Company Registration Details: Company ID (I\u010cO): 366 18 462VAT ID (I\u010c DPH): SK2020072780 Registration court: Okresn\u00fd s\u00fad Bansk\u00e1 Bystrica (Bansk\u00e1 Bystrica District Court)&#8230;<\/p>\n","protected":false},"author":1,"featured_media":0,"parent":0,"menu_order":0,"comment_status":"closed","ping_status":"closed","template":"","meta":{"_seowing_meta_title":"Imprint | KALIBRA s. r. o.","_seowing_meta_description":"Legal imprint of KALIBRA s. r. o., \u0160t\u00farova 836\/58, 962 12 Detva, Slovakia. I\u010cO: 36 618 462.","_seowing_focus_keyword":"imprint KALIBRA","_seowing_canonical_url":"","_seowing_robots":"","_seowing_robots_noindex":false,"_seowing_robots_nofollow":false,"_seowing_seo_score":0,"_expert_id":0,"footnotes":""},"class_list":["post-988584","page","type-page","status-publish","hentry"],"_links":{"self":[{"href":"https:\/\/kalibra.sk\/en\/wp-json\/wp\/v2\/pages\/988584","targetHints":{"allow":["GET"]}}],"collection":[{"href":"https:\/\/kalibra.sk\/en\/wp-json\/wp\/v2\/pages"}],"about":[{"href":"https:\/\/kalibra.sk\/en\/wp-json\/wp\/v2\/types\/page"}],"author":[{"embeddable":true,"href":"https:\/\/kalibra.sk\/en\/wp-json\/wp\/v2\/users\/1"}],"replies":[{"embeddable":true,"href":"https:\/\/kalibra.sk\/en\/wp-json\/wp\/v2\/comments?post=988584"}],"version-history":[{"count":10,"href":"https:\/\/kalibra.sk\/en\/wp-json\/wp\/v2\/pages\/988584\/revisions"}],"predecessor-version":[{"id":988620,"href":"https:\/\/kalibra.sk\/en\/wp-json\/wp\/v2\/pages\/988584\/revisions\/988620"}],"wp:attachment":[{"href":"https:\/\/kalibra.sk\/en\/wp-json\/wp\/v2\/media?parent=988584"}],"curies":[{"name":"wp","href":"https:\/\/api.w.org\/{rel}","templated":true}]}}