{"id":1710,"date":"2025-09-15T11:08:47","date_gmt":"2025-09-15T11:08:47","guid":{"rendered":"https:\/\/flexora.vamtam.com\/?page_id=1710"},"modified":"2026-03-19T09:02:47","modified_gmt":"2026-03-19T09:02:47","slug":"privacy-policy","status":"publish","type":"page","link":"https:\/\/kalibra.sk\/en\/privacy-policy\/","title":{"rendered":"Privacy Policy"},"content":{"rendered":"\t\t<div data-elementor-type=\"wp-page\" data-elementor-id=\"1710\" class=\"elementor elementor-1710\" data-elementor-post-type=\"page\">\n\t\t\t\t<div class=\"elementor-element elementor-element-2142cc2 e-flex e-con-boxed e-con e-child\" data-id=\"2142cc2\" data-element_type=\"container\" data-e-type=\"container\">\n\t\t\t\t\t<div class=\"e-con-inner\">\n\t\t\t\t<div class=\"vamtam-has-theme-widget-styles elementor-element elementor-element-1ec5dfb elementor-widget elementor-widget-text-editor\" data-id=\"1ec5dfb\" data-element_type=\"widget\" data-e-type=\"widget\" data-widget_type=\"text-editor.default\">\n\t\t\t\t<div class=\"elementor-widget-container\">\n\t\t\t\t\t\t\t\t\t<p><strong>Last updated: <\/strong>March 2026<\/p>\t\t\t\t\t\t\t\t<\/div>\n\t\t\t\t<\/div>\n\t\t\t\t<div class=\"elementor-element elementor-element-17ce4a5 elementor-widget elementor-widget-heading\" data-id=\"17ce4a5\" data-element_type=\"widget\" data-e-type=\"widget\" data-widget_type=\"heading.default\">\n\t\t\t\t<div class=\"elementor-widget-container\">\n\t\t\t\t\t<h2 class=\"elementor-heading-title elementor-size-default\">1) Who We Are (Data Controller)<\/h2>\t\t\t\t<\/div>\n\t\t\t\t<\/div>\n\t\t\t\t<div class=\"vamtam-has-theme-widget-styles elementor-element elementor-element-5d8d69b elementor-widget elementor-widget-text-editor\" data-id=\"5d8d69b\" data-element_type=\"widget\" data-e-type=\"widget\" data-widget_type=\"text-editor.default\">\n\t\t\t\t<div class=\"elementor-widget-container\">\n\t\t\t\t\t\t\t\t\t<p>The data controller of the website <a href=\"https:\/\/kalibra.sk\/\">https:\/\/kalibra.sk\/<\/a> is:<\/p><p><strong>KALIBRA, s.r.o.<\/strong><br \/>Bottova 1272<br \/>962 12 Detva<br \/>Company ID: 366 18 462<br \/>Phone: +421 907 835 013<br \/>Email: <a href=\"mailto:kalibra@kalibra.sk\">kalibra@kalibra.sk<\/a><\/p><p>KALIBRA, s.r.o. processes personal data in accordance with <strong>Regulation (EU) 2016\/679 (GDPR) and Slovak Act No. 18\/2018 Coll. on Personal Data Protection.<\/strong><\/p>\t\t\t\t\t\t\t\t<\/div>\n\t\t\t\t<\/div>\n\t\t\t\t<div class=\"vamtam-has-theme-widget-styles elementor-element elementor-element-477709c animated-fast elementor-invisible elementor-widget elementor-widget-text-editor\" data-id=\"477709c\" data-element_type=\"widget\" data-e-type=\"widget\" data-settings=\"{&quot;_animation&quot;:&quot;fadeIn&quot;}\" data-widget_type=\"text-editor.default\">\n\t\t\t\t<div class=\"elementor-widget-container\">\n\t\t\t\t\t\t\t\t\t<p><strong>Billing details<\/strong><br \/>Company ID: 36618462<br \/>VAT ID: SK2020072780<\/p><p>Registration court: Okresn\u00fd s\u00fad Bansk\u00e1 Bystrica (Bansk\u00e1 Bystrica District Court)<\/p>\t\t\t\t\t\t\t\t<\/div>\n\t\t\t\t<\/div>\n\t\t\t\t<div class=\"elementor-element elementor-element-3579aa0 elementor-widget elementor-widget-heading\" data-id=\"3579aa0\" data-element_type=\"widget\" data-e-type=\"widget\" data-widget_type=\"heading.default\">\n\t\t\t\t<div class=\"elementor-widget-container\">\n\t\t\t\t\t<h2 class=\"elementor-heading-title elementor-size-default\">2) What Personal Data We Process\n<\/h2>\t\t\t\t<\/div>\n\t\t\t\t<\/div>\n\t\t\t\t<div class=\"vamtam-has-theme-widget-styles elementor-element elementor-element-2450e19 elementor-widget elementor-widget-text-editor\" data-id=\"2450e19\" data-element_type=\"widget\" data-e-type=\"widget\" data-widget_type=\"text-editor.default\">\n\t\t\t\t<div class=\"elementor-widget-container\">\n\t\t\t\t\t\t\t\t\t<p class=\"p1\">Depending on how you use our website, we may process the following categories of personal data:<\/p><ul class=\"ul1\"><li class=\"li1\"><b>Identification and contact data:<\/b> name, surname, email, phone number, company name, job title.<\/li><li class=\"li1\"><b>Communication data:<\/b> messages, inquiries, and feedback you send to us.<\/li><li class=\"li1\"><b>Technical data:<\/b> IP address, browser type, operating system, date and time of access, and URL address.<\/li><li class=\"li1\"><b>Cookies and similar technologies:<\/b> see section <i>\u201cCookies.\u201d<\/i><i><\/i><\/li><\/ul><p class=\"p1\">We obtain data <b>directly from you<\/b> (e.g. through contact forms or email) and <b>automatically<\/b> through your use of our website.<\/p>\t\t\t\t\t\t\t\t<\/div>\n\t\t\t\t<\/div>\n\t\t\t\t<div class=\"elementor-element elementor-element-4be9b6c elementor-widget elementor-widget-heading\" data-id=\"4be9b6c\" data-element_type=\"widget\" data-e-type=\"widget\" data-widget_type=\"heading.default\">\n\t\t\t\t<div class=\"elementor-widget-container\">\n\t\t\t\t\t<h2 class=\"elementor-heading-title elementor-size-default\">3) Purposes and Legal Bases for Processing\n<\/h2>\t\t\t\t<\/div>\n\t\t\t\t<\/div>\n\t\t\t\t<div class=\"vamtam-has-theme-widget-styles elementor-element elementor-element-ad1deed elementor-widget elementor-widget-text-editor\" data-id=\"ad1deed\" data-element_type=\"widget\" data-e-type=\"widget\" data-widget_type=\"text-editor.default\">\n\t\t\t\t<div class=\"elementor-widget-container\">\n\t\t\t\t\t\t\t\t\t<p class=\"p1\">We process your personal data only to the extent necessary and for the following purposes:<\/p>\n\n<table class=\"t1\" cellspacing=\"0\" cellpadding=\"0\">\n<tbody>\n<tr>\n<td class=\"td1\" valign=\"middle\">\n<p class=\"p1\"><b>Purpose of Processing<\/b><b><\/b><\/p>\n<\/td>\n<td class=\"td2\" valign=\"middle\">\n<p class=\"p1\"><b>Legal Basis<\/b><b><\/b><\/p>\n<\/td>\n<td class=\"td3\" valign=\"middle\">\n<p class=\"p1\"><b>Example<\/b><b><\/b><\/p>\n<\/td>\n<\/tr>\n<tr>\n<td class=\"td4\" valign=\"middle\">\n<p class=\"p1\">Responding to inquiries and communication<\/p>\n<\/td>\n<td class=\"td5\" valign=\"middle\">\n<p class=\"p1\">Legitimate interest (Art. 6(1)(f) GDPR) or pre-contractual steps (Art. 6(1)(b) GDPR)<\/p>\n<\/td>\n<td class=\"td6\" valign=\"middle\">\n<p class=\"p1\">Submitting a contact form<\/p>\n<\/td>\n<\/tr>\n<tr>\n<td class=\"td7\" valign=\"middle\">\n<p class=\"p1\">Provision of services and performance of contracts<\/p>\n<\/td>\n<td class=\"td8\" valign=\"middle\">\n<p class=\"p1\">Contract performance (Art. 6(1)(b) GDPR)<\/p>\n<\/td>\n<td class=\"td9\" valign=\"middle\">\n<p class=\"p1\">Customer services, order fulfillment<\/p>\n<\/td>\n<\/tr>\n<tr>\n<td class=\"td10\" valign=\"middle\">\n<p class=\"p1\">Accounting and tax obligations<\/p>\n<\/td>\n<td class=\"td11\" valign=\"middle\">\n<p class=\"p1\">Legal obligation (Art. 6(1)(c) GDPR)<\/p>\n<\/td>\n<td class=\"td12\" valign=\"middle\">\n<p class=\"p1\">Issuing invoices<\/p>\n<\/td>\n<\/tr>\n<tr>\n<td class=\"td10\" valign=\"middle\">\n<p class=\"p1\">Website operation and security<\/p>\n<\/td>\n<td class=\"td11\" valign=\"middle\">\n<p class=\"p1\">Legitimate interest (Art. 6(1)(f) GDPR)<\/p>\n<\/td>\n<td class=\"td12\" valign=\"middle\">\n<p class=\"p1\">Server logs, security monitoring<\/p>\n<\/td>\n<\/tr>\n<tr>\n<td class=\"td10\" valign=\"middle\">\n<p class=\"p1\">Marketing (newsletter, promotional campaigns)<\/p>\n<\/td>\n<td class=\"td11\" valign=\"middle\">\n<p class=\"p1\">Consent (Art. 6(1)(a) GDPR)<\/p>\n<\/td>\n<td class=\"td12\" valign=\"middle\">\n<p class=\"p1\">Sending newsletters<\/p>\n<\/td>\n<\/tr>\n<tr>\n<td class=\"td13\" valign=\"middle\">\n<p class=\"p1\">Analytics and website statistics<\/p>\n<\/td>\n<td class=\"td14\" valign=\"middle\">\n<p class=\"p1\">Consent (for analytical cookies)<\/p>\n<\/td>\n<td class=\"td15\" valign=\"middle\">\n<p class=\"p1\">Google Analytics<\/p>\n<\/td>\n<\/tr>\n<\/tbody>\n<\/table>\t\t\t\t\t\t\t\t<\/div>\n\t\t\t\t<\/div>\n\t\t\t\t<div class=\"elementor-element elementor-element-478e353 elementor-widget elementor-widget-heading\" data-id=\"478e353\" data-element_type=\"widget\" data-e-type=\"widget\" data-widget_type=\"heading.default\">\n\t\t\t\t<div class=\"elementor-widget-container\">\n\t\t\t\t\t<h2 class=\"elementor-heading-title elementor-size-default\">4) Data Retention Period\n<\/h2>\t\t\t\t<\/div>\n\t\t\t\t<\/div>\n\t\t\t\t<div class=\"vamtam-has-theme-widget-styles elementor-element elementor-element-97a82e0 elementor-widget elementor-widget-text-editor\" data-id=\"97a82e0\" data-element_type=\"widget\" data-e-type=\"widget\" data-widget_type=\"text-editor.default\">\n\t\t\t\t<div class=\"elementor-widget-container\">\n\t\t\t\t\t\t\t\t\t<table class=\"t1\" cellspacing=\"0\" cellpadding=\"0\"><tbody><tr><td class=\"td1\" valign=\"middle\"><p class=\"p2\"><b>Type of Data<\/b><b><\/b><\/p><\/td><td class=\"td2\" valign=\"middle\"><p class=\"p2\"><b>Retention Period<\/b><b><\/b><\/p><\/td><\/tr><tr><td class=\"td3\" valign=\"middle\"><p class=\"p2\">Inquiries and communication<\/p><\/td><td class=\"td4\" valign=\"middle\"><p class=\"p2\">Up to 12 months after resolution<\/p><\/td><\/tr><tr><td class=\"td5\" valign=\"middle\"><p class=\"p2\">Contract and invoicing data<\/p><\/td><td class=\"td6\" valign=\"middle\"><p class=\"p2\">According to legal retention periods (e.g. accounting \u2013 10 years)<\/p><\/td><\/tr><tr><td class=\"td7\" valign=\"middle\"><p class=\"p2\">Log and technical data<\/p><\/td><td class=\"td8\" valign=\"middle\"><p class=\"p2\">30\u201390 days<\/p><\/td><\/tr><tr><td class=\"td1\" valign=\"middle\"><p class=\"p2\">Marketing data<\/p><\/td><td class=\"td2\" valign=\"middle\"><p class=\"p2\">Until consent is withdrawn or for a maximum of 3 years<\/p><\/td><\/tr><\/tbody><\/table><p class=\"p1\">\u00a0<\/p>\t\t\t\t\t\t\t\t<\/div>\n\t\t\t\t<\/div>\n\t\t\t\t<div class=\"elementor-element elementor-element-e8ad253 elementor-widget elementor-widget-heading\" data-id=\"e8ad253\" data-element_type=\"widget\" data-e-type=\"widget\" data-widget_type=\"heading.default\">\n\t\t\t\t<div class=\"elementor-widget-container\">\n\t\t\t\t\t<h2 class=\"elementor-heading-title elementor-size-default\">5) Recipients and Processors\n<\/h2>\t\t\t\t<\/div>\n\t\t\t\t<\/div>\n\t\t\t\t<div class=\"vamtam-has-theme-widget-styles elementor-element elementor-element-cc0ff8e elementor-widget elementor-widget-text-editor\" data-id=\"cc0ff8e\" data-element_type=\"widget\" data-e-type=\"widget\" data-widget_type=\"text-editor.default\">\n\t\t\t\t<div class=\"elementor-widget-container\">\n\t\t\t\t\t\t\t\t\t<p class=\"p1\">Personal data may be shared with:<\/p><ul class=\"ul1\"><li class=\"li1\">IT and website hosting providers,<\/li><li class=\"li1\">external accountants or tax advisors,<\/li><li class=\"li1\">analytics and marketing service providers (e.g. Google Ireland Limited),<\/li><li class=\"li1\">public authorities when required by law.<\/li><\/ul><p class=\"p1\">All processors act under a written data processing agreement in compliance with <b>Article 28 of the GDPR<\/b>.<\/p>\t\t\t\t\t\t\t\t<\/div>\n\t\t\t\t<\/div>\n\t\t\t\t<div class=\"elementor-element elementor-element-ebd36a0 elementor-widget elementor-widget-heading\" data-id=\"ebd36a0\" data-element_type=\"widget\" data-e-type=\"widget\" data-widget_type=\"heading.default\">\n\t\t\t\t<div class=\"elementor-widget-container\">\n\t\t\t\t\t<h2 class=\"elementor-heading-title elementor-size-default\">6) Transfers to Third Countries\n<\/h2>\t\t\t\t<\/div>\n\t\t\t\t<\/div>\n\t\t\t\t<div class=\"vamtam-has-theme-widget-styles elementor-element elementor-element-7263b59 elementor-widget elementor-widget-text-editor\" data-id=\"7263b59\" data-element_type=\"widget\" data-e-type=\"widget\" data-widget_type=\"text-editor.default\">\n\t\t\t\t<div class=\"elementor-widget-container\">\n\t\t\t\t\t\t\t\t\t<p class=\"p1\">If any data transfers occur outside the EU\/EEA (for example, when using Google services), <b>adequate safeguards<\/b> such as <b>EU Standard Contractual Clauses<\/b> are applied.<\/p>\t\t\t\t\t\t\t\t<\/div>\n\t\t\t\t<\/div>\n\t\t\t\t<div class=\"elementor-element elementor-element-aa7db93 elementor-widget elementor-widget-heading\" data-id=\"aa7db93\" data-element_type=\"widget\" data-e-type=\"widget\" data-widget_type=\"heading.default\">\n\t\t\t\t<div class=\"elementor-widget-container\">\n\t\t\t\t\t<h2 class=\"elementor-heading-title elementor-size-default\">7) Your Rights\n<\/h2>\t\t\t\t<\/div>\n\t\t\t\t<\/div>\n\t\t\t\t<div class=\"vamtam-has-theme-widget-styles elementor-element elementor-element-5113162 elementor-widget elementor-widget-text-editor\" data-id=\"5113162\" data-element_type=\"widget\" data-e-type=\"widget\" data-widget_type=\"text-editor.default\">\n\t\t\t\t<div class=\"elementor-widget-container\">\n\t\t\t\t\t\t\t\t\t<p class=\"p1\">As a data subject, you have the right to:<\/p>\n\n<ul class=\"ul1\">\n \t<li class=\"li1\">access your personal data,<\/li>\n \t<li class=\"li1\">correct inaccurate or outdated data,<\/li>\n \t<li class=\"li1\">request deletion of data (\u201cright to be forgotten\u201d),<\/li>\n \t<li class=\"li1\">restrict processing,<\/li>\n \t<li class=\"li1\">data portability (where applicable),<\/li>\n \t<li class=\"li1\">object to processing based on legitimate interest,<\/li>\n \t<li class=\"li1\">withdraw your consent at any time.<\/li>\n<\/ul>\n<p class=\"p1\">To exercise your rights, please contact us at: <a href=\"mailto:kalibra@kalibra.sk\"><span class=\"s1\">kalibra@kalibra.sk<\/span><\/a>.<\/p>\n<br>\n<p class=\"p1\">You also have the right to lodge a complaint with:\n<b>Office for Personal Data Protection of the Slovak Republic<\/b>\nHrani\u010dn\u00e1 12, 820 07 Bratislava 27\nWebsite: <a href=\"https:\/\/dataprotection.gov.sk\/\"><span class=\"s1\">www.dataprotection.gov.sk<\/span><\/a><\/p>\t\t\t\t\t\t\t\t<\/div>\n\t\t\t\t<\/div>\n\t\t\t\t<div class=\"elementor-element elementor-element-bab5c21 elementor-widget elementor-widget-heading\" data-id=\"bab5c21\" data-element_type=\"widget\" data-e-type=\"widget\" data-widget_type=\"heading.default\">\n\t\t\t\t<div class=\"elementor-widget-container\">\n\t\t\t\t\t<h2 class=\"elementor-heading-title elementor-size-default\">8) Cookies and Similar Technologies\n<\/h2>\t\t\t\t<\/div>\n\t\t\t\t<\/div>\n\t\t\t\t<div class=\"elementor-element elementor-element-22e8eb9 elementor-widget elementor-widget-heading\" data-id=\"22e8eb9\" data-element_type=\"widget\" data-e-type=\"widget\" data-widget_type=\"heading.default\">\n\t\t\t\t<div class=\"elementor-widget-container\">\n\t\t\t\t\t<h3 class=\"elementor-heading-title elementor-size-default\">8.1 What Are Cookies\n<\/h3>\t\t\t\t<\/div>\n\t\t\t\t<\/div>\n\t\t\t\t<div class=\"vamtam-has-theme-widget-styles elementor-element elementor-element-79725b6 elementor-widget elementor-widget-text-editor\" data-id=\"79725b6\" data-element_type=\"widget\" data-e-type=\"widget\" data-widget_type=\"text-editor.default\">\n\t\t\t\t<div class=\"elementor-widget-container\">\n\t\t\t\t\t\t\t\t\t<p class=\"p1\">Cookies are small text files stored in your browser. We use them to ensure website functionality, measure traffic, and, with your consent, for marketing purposes.<\/p>\t\t\t\t\t\t\t\t<\/div>\n\t\t\t\t<\/div>\n\t\t\t\t<div class=\"elementor-element elementor-element-1713ac8 elementor-widget elementor-widget-heading\" data-id=\"1713ac8\" data-element_type=\"widget\" data-e-type=\"widget\" data-widget_type=\"heading.default\">\n\t\t\t\t<div class=\"elementor-widget-container\">\n\t\t\t\t\t<h3 class=\"elementor-heading-title elementor-size-default\">8.2 Legal Framework\n<\/h3>\t\t\t\t<\/div>\n\t\t\t\t<\/div>\n\t\t\t\t<div class=\"vamtam-has-theme-widget-styles elementor-element elementor-element-030e84a elementor-widget elementor-widget-text-editor\" data-id=\"030e84a\" data-element_type=\"widget\" data-e-type=\"widget\" data-widget_type=\"text-editor.default\">\n\t\t\t\t<div class=\"elementor-widget-container\">\n\t\t\t\t\t\t\t\t\t<p class=\"p1\">Storing or accessing cookies on a user\u2019s device is regulated by <b>Act No. 452\/2021 Coll. on Electronic Communications<\/b> and related legislation.<\/p><ul class=\"ul1\"><li class=\"li1\"><b>Essential cookies<\/b> may be used without consent.<\/li><li class=\"li1\"><b>Analytical and marketing cookies<\/b> require your <b>explicit consent<\/b>.<\/li><\/ul>\t\t\t\t\t\t\t\t<\/div>\n\t\t\t\t<\/div>\n\t\t\t\t<div class=\"elementor-element elementor-element-feabb9e elementor-widget elementor-widget-heading\" data-id=\"feabb9e\" data-element_type=\"widget\" data-e-type=\"widget\" data-widget_type=\"heading.default\">\n\t\t\t\t<div class=\"elementor-widget-container\">\n\t\t\t\t\t<h3 class=\"elementor-heading-title elementor-size-default\">8.3 Types of Cookies Used\n<\/h3>\t\t\t\t<\/div>\n\t\t\t\t<\/div>\n\t\t\t\t<div class=\"vamtam-has-theme-widget-styles elementor-element elementor-element-a31b6ca elementor-widget elementor-widget-text-editor\" data-id=\"a31b6ca\" data-element_type=\"widget\" data-e-type=\"widget\" data-widget_type=\"text-editor.default\">\n\t\t\t\t<div class=\"elementor-widget-container\">\n\t\t\t\t\t\t\t\t\t<ul class=\"ul1\"><li class=\"li1\"><b>Necessary (technical):<\/b> ensure site functionality and security.<\/li><li class=\"li1\"><b>Preference cookies:<\/b> remember your language or region.<\/li><li class=\"li1\"><b>Analytical cookies:<\/b> help us improve the site (e.g. anonymous traffic statistics).<\/li><li class=\"li1\"><b>Marketing cookies:<\/b> personalize advertising and track campaign performance.<\/li><\/ul><p class=\"p1\">A detailed list and cookie durations can be found in the <b>Cookie Settings<\/b> section (linked in the footer).<\/p>\t\t\t\t\t\t\t\t<\/div>\n\t\t\t\t<\/div>\n\t\t\t\t<div class=\"elementor-element elementor-element-140b165 elementor-widget elementor-widget-heading\" data-id=\"140b165\" data-element_type=\"widget\" data-e-type=\"widget\" data-widget_type=\"heading.default\">\n\t\t\t\t<div class=\"elementor-widget-container\">\n\t\t\t\t\t<h3 class=\"elementor-heading-title elementor-size-default\">8.4 Managing and Withdrawing Consent\n<\/h3>\t\t\t\t<\/div>\n\t\t\t\t<\/div>\n\t\t\t\t<div class=\"vamtam-has-theme-widget-styles elementor-element elementor-element-a1989f9 elementor-widget elementor-widget-text-editor\" data-id=\"a1989f9\" data-element_type=\"widget\" data-e-type=\"widget\" data-widget_type=\"text-editor.default\">\n\t\t\t\t<div class=\"elementor-widget-container\">\n\t\t\t\t\t\t\t\t\t<p class=\"p1\">When you first visit our site, a <b>cookie banner<\/b> will appear, allowing you to choose cookie categories. You can <b>change or withdraw your consent at any time<\/b> via the <i>Cookie Settings<\/i> link in the footer. Withdrawal does not affect prior lawful processing.<\/p>\t\t\t\t\t\t\t\t<\/div>\n\t\t\t\t<\/div>\n\t\t\t\t<div class=\"elementor-element elementor-element-96bd266 elementor-widget elementor-widget-heading\" data-id=\"96bd266\" data-element_type=\"widget\" data-e-type=\"widget\" data-widget_type=\"heading.default\">\n\t\t\t\t<div class=\"elementor-widget-container\">\n\t\t\t\t\t<h2 class=\"elementor-heading-title elementor-size-default\">9) Data Security\n<\/h2>\t\t\t\t<\/div>\n\t\t\t\t<\/div>\n\t\t\t\t<div class=\"vamtam-has-theme-widget-styles elementor-element elementor-element-b2f8888 elementor-widget elementor-widget-text-editor\" data-id=\"b2f8888\" data-element_type=\"widget\" data-e-type=\"widget\" data-widget_type=\"text-editor.default\">\n\t\t\t\t<div class=\"elementor-widget-container\">\n\t\t\t\t\t\t\t\t\t<p>We implement appropriate technical and organizational measures (e.g. TLS encryption, access control, system updates, monitoring) to protect personal data from loss, misuse, or unauthorized access.<\/p>\t\t\t\t\t\t\t\t<\/div>\n\t\t\t\t<\/div>\n\t\t\t\t<div class=\"elementor-element elementor-element-1d614c0 elementor-widget elementor-widget-heading\" data-id=\"1d614c0\" data-element_type=\"widget\" data-e-type=\"widget\" data-widget_type=\"heading.default\">\n\t\t\t\t<div class=\"elementor-widget-container\">\n\t\t\t\t\t<h2 class=\"elementor-heading-title elementor-size-default\">10) Automated Decision-Making\n<\/h2>\t\t\t\t<\/div>\n\t\t\t\t<\/div>\n\t\t\t\t<div class=\"vamtam-has-theme-widget-styles elementor-element elementor-element-7016e3e elementor-widget elementor-widget-text-editor\" data-id=\"7016e3e\" data-element_type=\"widget\" data-e-type=\"widget\" data-widget_type=\"text-editor.default\">\n\t\t\t\t<div class=\"elementor-widget-container\">\n\t\t\t\t\t\t\t\t\t<p>We do not perform any automated decision-making or profiling that would have legal or significant effects on you.<\/p>\t\t\t\t\t\t\t\t<\/div>\n\t\t\t\t<\/div>\n\t\t\t\t<div class=\"elementor-element elementor-element-7947e33 elementor-widget elementor-widget-heading\" data-id=\"7947e33\" data-element_type=\"widget\" data-e-type=\"widget\" data-widget_type=\"heading.default\">\n\t\t\t\t<div class=\"elementor-widget-container\">\n\t\t\t\t\t<h2 class=\"elementor-heading-title elementor-size-default\">11) Changes to This Policy\n<\/h2>\t\t\t\t<\/div>\n\t\t\t\t<\/div>\n\t\t\t\t<div class=\"vamtam-has-theme-widget-styles elementor-element elementor-element-2978ab3 elementor-widget elementor-widget-text-editor\" data-id=\"2978ab3\" data-element_type=\"widget\" data-e-type=\"widget\" data-widget_type=\"text-editor.default\">\n\t\t\t\t<div class=\"elementor-widget-container\">\n\t\t\t\t\t\t\t\t\t<p>We may update this Privacy Policy from time to time. The current version will always be published on this page. We will notify you of any significant changes in an appropriate manner.<\/p>\t\t\t\t\t\t\t\t<\/div>\n\t\t\t\t<\/div>\n\t\t\t\t<div class=\"elementor-element elementor-element-125fb0c elementor-widget elementor-widget-heading\" data-id=\"125fb0c\" data-element_type=\"widget\" data-e-type=\"widget\" data-widget_type=\"heading.default\">\n\t\t\t\t<div class=\"elementor-widget-container\">\n\t\t\t\t\t<h2 class=\"elementor-heading-title elementor-size-default\">12) Contact Information\n<\/h2>\t\t\t\t<\/div>\n\t\t\t\t<\/div>\n\t\t\t\t<div class=\"vamtam-has-theme-widget-styles elementor-element elementor-element-b0c5b76 elementor-widget elementor-widget-text-editor\" data-id=\"b0c5b76\" data-element_type=\"widget\" data-e-type=\"widget\" data-widget_type=\"text-editor.default\">\n\t\t\t\t<div class=\"elementor-widget-container\">\n\t\t\t\t\t\t\t\t\t<p class=\"p1\">If you have any questions about personal data protection, please contact us:<\/p><p class=\"p2\"><b>KALIBRA, s.r.o.<\/b><\/p><p class=\"p1\">Email: <a href=\"mailto:kalibra@kalibra.sk\"><span class=\"s1\">kalibra@kalibra.sk<\/span><\/a><\/p><p class=\"p1\">Phone: +421 907 835 013<\/p>\t\t\t\t\t\t\t\t<\/div>\n\t\t\t\t<\/div>\n\t\t\t\t\t<\/div>\n\t\t\t\t<\/div>\n\t\t\t\t<\/div>\n\t\t","protected":false},"excerpt":{"rendered":"<p>Last updated: March 2026 1) Who We Are (Data Controller) The data controller of the website https:\/\/kalibra.sk\/ is: KALIBRA, s.r.o.Bottova 1272962 12 DetvaCompany ID: 366 18 462Phone: +421 907 835 013Email: kalibra@kalibra.sk KALIBRA, s.r.o. processes personal data in accordance with Regulation (EU) 2016\/679 (GDPR) and Slovak Act No. 18\/2018 Coll. on Personal Data Protection. Billing&#8230;<\/p>\n","protected":false},"author":1,"featured_media":0,"parent":0,"menu_order":0,"comment_status":"closed","ping_status":"closed","template":"","meta":{"_seowing_meta_title":"","_seowing_meta_description":"","_seowing_focus_keyword":"","_seowing_canonical_url":"","_seowing_robots":"","_seowing_robots_noindex":false,"_seowing_robots_nofollow":false,"_seowing_seo_score":0,"_expert_id":0,"footnotes":""},"class_list":["post-1710","page","type-page","status-publish","hentry"],"_links":{"self":[{"href":"https:\/\/kalibra.sk\/en\/wp-json\/wp\/v2\/pages\/1710","targetHints":{"allow":["GET"]}}],"collection":[{"href":"https:\/\/kalibra.sk\/en\/wp-json\/wp\/v2\/pages"}],"about":[{"href":"https:\/\/kalibra.sk\/en\/wp-json\/wp\/v2\/types\/page"}],"author":[{"embeddable":true,"href":"https:\/\/kalibra.sk\/en\/wp-json\/wp\/v2\/users\/1"}],"replies":[{"embeddable":true,"href":"https:\/\/kalibra.sk\/en\/wp-json\/wp\/v2\/comments?post=1710"}],"version-history":[{"count":16,"href":"https:\/\/kalibra.sk\/en\/wp-json\/wp\/v2\/pages\/1710\/revisions"}],"predecessor-version":[{"id":988627,"href":"https:\/\/kalibra.sk\/en\/wp-json\/wp\/v2\/pages\/1710\/revisions\/988627"}],"wp:attachment":[{"href":"https:\/\/kalibra.sk\/en\/wp-json\/wp\/v2\/media?parent=1710"}],"curies":[{"name":"wp","href":"https:\/\/api.w.org\/{rel}","templated":true}]}}